{"id":7686,"date":"2026-04-01T09:52:29","date_gmt":"2026-04-01T06:52:29","guid":{"rendered":"https:\/\/www.bodhi.com.tr\/kunye\/"},"modified":"2026-04-01T10:09:54","modified_gmt":"2026-04-01T07:09:54","slug":"imprint","status":"publish","type":"page","link":"https:\/\/www.bodhi.com.tr\/en\/imprint\/","title":{"rendered":"Imprint"},"content":{"rendered":"\n<!-- Legal document generated by Complianz | GDPR\/CCPA Cookie Consent https:\/\/wordpress.org\/plugins\/complianz-gdpr -->\n<div id=\"cmplz-document\" class=\"cmplz-document impressum cmplz-document-all\"><p><i>This imprint was last updated on 04\/01\/2026.<\/i><\/p><p class=\"cmplz-subtitle\">The owner of this website is:<\/p><p>Horus Trade \/ S. \u015e. G\u00fcne\u015f Sole Proprietorship<br>Had\u0131mk\u00f6y Mah. Do\u011fukent Cad. No:19\/19 34555 Arnavutk\u00f6y \u0130stanbul<br>Turkey<br>Email:&nbsp;<span class=\"cmplz-obfuscate\">&#115;upp&#111;&#114;t@<span class=\"cmplz-fmail-domain\">e&#120;&#046;com<\/span>bod&#104;&#105;.co&#109;&#046;tr<\/span><br>Phone number: 05307775401<br>VAT ID:&nbsp;4340136150<\/p><p class=\"cmplz-subtitle\">The legal representative(s) of Horus Trade \/ S. \u015e. G\u00fcne\u015f Sole Proprietorship:<\/p><p>Seyit \u015e. G\u00fcne\u015f<\/p><h2>1. General<\/h2><p class=\"cmplz-subtitle\">1.1 We are registered at Etbis - Ticaret Bakanl\u0131\u011f\u0131, under the license or registration number:<\/p><p>545730519<\/p><p>We are willing or obliged to participate in dispute resolution procedures before a consumer arbitration board.<\/p><h2>2. The following information is mandatory according to German law.<\/h2><p class=\"cmplz-subtitle\">2.1 Die Eigentumsanteile der Gesellschaft (Aktienkapital), die von ihr ausgegeben wurden:<\/p><p>3000$<\/p><\/div>\n","protected":false},"excerpt":{"rendered":"","protected":false},"author":2,"featured_media":0,"parent":0,"menu_order":0,"comment_status":"closed","ping_status":"closed","template":"","meta":{"footnotes":""},"class_list":["post-7686","page","type-page","status-publish","hentry"],"_links":{"self":[{"href":"https:\/\/www.bodhi.com.tr\/en\/wp-json\/wp\/v2\/pages\/7686","targetHints":{"allow":["GET"]}}],"collection":[{"href":"https:\/\/www.bodhi.com.tr\/en\/wp-json\/wp\/v2\/pages"}],"about":[{"href":"https:\/\/www.bodhi.com.tr\/en\/wp-json\/wp\/v2\/types\/page"}],"author":[{"embeddable":true,"href":"https:\/\/www.bodhi.com.tr\/en\/wp-json\/wp\/v2\/users\/2"}],"replies":[{"embeddable":true,"href":"https:\/\/www.bodhi.com.tr\/en\/wp-json\/wp\/v2\/comments?post=7686"}],"version-history":[{"count":3,"href":"https:\/\/www.bodhi.com.tr\/en\/wp-json\/wp\/v2\/pages\/7686\/revisions"}],"predecessor-version":[{"id":7692,"href":"https:\/\/www.bodhi.com.tr\/en\/wp-json\/wp\/v2\/pages\/7686\/revisions\/7692"}],"wp:attachment":[{"href":"https:\/\/www.bodhi.com.tr\/en\/wp-json\/wp\/v2\/media?parent=7686"}],"curies":[{"name":"wp","href":"https:\/\/api.w.org\/{rel}","templated":true}]}}